{"id":2475,"date":"2024-06-28T05:39:37","date_gmt":"2024-06-28T05:39:37","guid":{"rendered":"https:\/\/boncor.cat\/?page_id=2475"},"modified":"2024-06-28T05:40:15","modified_gmt":"2024-06-28T05:40:15","slug":"politica-de-cookies","status":"publish","type":"page","link":"https:\/\/boncor.cat\/ca\/politica-de-cookies\/","title":{"rendered":"Pol\u00edtica de cookies"},"content":{"rendered":"<div class=\"fusion-fullwidth fullwidth-box fusion-builder-row-1 fusion-flex-container nonhundred-percent-fullwidth non-hundred-percent-height-scrolling\" style=\"--awb-border-radius-top-left:0px;--awb-border-radius-top-right:0px;--awb-border-radius-bottom-right:0px;--awb-border-radius-bottom-left:0px;--awb-flex-wrap:wrap;\" ><div class=\"fusion-builder-row fusion-row fusion-flex-align-items-flex-start fusion-flex-content-wrap\" style=\"max-width:1248px;margin-left: calc(-4% \/ 2 );margin-right: calc(-4% \/ 2 );\"><div class=\"fusion-layout-column fusion_builder_column fusion-builder-column-0 fusion_builder_column_1_1 1_1 fusion-flex-column\" style=\"--awb-bg-size:cover;--awb-width-large:100%;--awb-margin-top-large:0px;--awb-spacing-right-large:1.92%;--awb-margin-bottom-large:0px;--awb-spacing-left-large:1.92%;--awb-width-medium:100%;--awb-spacing-right-medium:1.92%;--awb-spacing-left-medium:1.92%;--awb-width-small:100%;--awb-spacing-right-small:1.92%;--awb-spacing-left-small:1.92%;\"><div class=\"fusion-column-wrapper fusion-flex-justify-content-flex-start fusion-content-layout-column\"><div class=\"fusion-text fusion-text-1\"><p class=\"western\" lang=\"ca-ES\" align=\"justify\"><span style=\"font-family: Times New Roman, serif;\"><span style=\"font-size: medium;\"><b>1. \u00das de Cookies<\/b><\/span><\/span><\/p>\n<p class=\"western\" lang=\"ca-ES\" align=\"justify\"><span style=\"font-family: Times New Roman, serif;\"><span style=\"font-size: medium;\">El lloc web utilitza cookies per millorar l&#8217;experi\u00e8ncia de l&#8217;usuari. En utilitzar el lloc, l&#8217;usuari accepta l&#8217;\u00fas de cookies.<\/span><\/span><\/p>\n<p class=\"western\" lang=\"ca-ES\" align=\"justify\"><span style=\"font-family: Times New Roman, serif;\"><span style=\"font-size: medium;\"><b>2. Qu\u00e8 s\u00f3n les Cookies?<\/b><\/span><\/span><\/p>\n<p class=\"western\" lang=\"ca-ES\" align=\"justify\"><span style=\"font-family: Times New Roman, serif;\"><span style=\"font-size: medium;\">Petits fitxers de text emmagatzemats al dispositiu de l&#8217;usuari que permeten emmagatzemar i recuperar informaci\u00f3 sobre h\u00e0bits de navegaci\u00f3.<\/span><\/span><\/p>\n<p class=\"western\" lang=\"ca-ES\" align=\"justify\"><span style=\"font-family: Times New Roman, serif;\"><span style=\"font-size: medium;\"><b>3. Tipus de Cookies Utilitzades<\/b><\/span><\/span><\/p>\n<ul>\n<li>\n<p class=\"western\" lang=\"ca-ES\" align=\"justify\"><span style=\"font-family: Times New Roman, serif;\"><span style=\"font-size: medium;\"><b>T\u00e8cniques<\/b><\/span><\/span><span style=\"font-family: Times New Roman, serif;\"><span style=\"font-size: medium;\">: Necess\u00e0ries per al funcionament del lloc.<\/span><\/span><\/p>\n<\/li>\n<li>\n<p class=\"western\" lang=\"ca-ES\" align=\"justify\"><span style=\"font-family: Times New Roman, serif;\"><span style=\"font-size: medium;\"><b>Personalitzaci\u00f3<\/b><\/span><\/span><span style=\"font-family: Times New Roman, serif;\"><span style=\"font-size: medium;\">: Configuraci\u00f3 de caracter\u00edstiques predefinides.<\/span><\/span><\/p>\n<\/li>\n<li>\n<p class=\"western\" lang=\"ca-ES\" align=\"justify\"><span style=\"font-family: Times New Roman, serif;\"><span style=\"font-size: medium;\"><b>An\u00e0lisi<\/b><\/span><\/span><span style=\"font-family: Times New Roman, serif;\"><span style=\"font-size: medium;\">: Seguiment del comportament de l&#8217;usuari.<\/span><\/span><\/p>\n<\/li>\n<\/ul>\n<p class=\"western\" lang=\"ca-ES\" align=\"justify\"><span style=\"font-family: Times New Roman, serif;\"><span style=\"font-size: medium;\"><b>4. Gesti\u00f3 de Cookies<\/b><\/span><\/span><\/p>\n<p class=\"western\" lang=\"ca-ES\" align=\"justify\"><span style=\"font-family: Times New Roman, serif;\"><span style=\"font-size: medium;\">L&#8217;usuari pot configurar el seu navegador per gestionar les cookies. La desactivaci\u00f3 pot afectar la funcionalitat del lloc.<\/span><\/span><\/p>\n<p class=\"western\" lang=\"ca-ES\" align=\"justify\"><span style=\"font-family: Times New Roman, serif;\"><span style=\"font-size: medium;\"><b>5. Modificacions<\/b><\/span><\/span><\/p>\n<p class=\"western\" lang=\"ca-ES\" align=\"justify\"><span style=\"font-family: Times New Roman, serif;\"><span style=\"font-size: medium;\">L&#8217;Empresa pot modificar aquesta pol\u00edtica de cookies sense previ av\u00eds.<\/span><\/span><\/p>\n<p class=\"western\" lang=\"ca-ES\" align=\"justify\"><span style=\"font-family: Times New Roman, serif;\"><span style=\"font-size: medium;\">Per a m\u00e9s informaci\u00f3, contactar a <\/span><\/span><span style=\"color: #0000ff;\"><a href=\"mailto:catering@boncor.cat\"><span style=\"color: #000000;\">catering@boncor.cat<\/span><\/a><\/span><span style=\"color: #000000;\">.<\/span><\/p>\n<\/div><\/div><\/div><\/div><\/div>\n","protected":false},"excerpt":{"rendered":"","protected":false},"author":1,"featured_media":0,"parent":0,"menu_order":0,"comment_status":"closed","ping_status":"closed","template":"100-width.php","meta":{"footnotes":""},"class_list":["post-2475","page","type-page","status-publish","hentry"],"_links":{"self":[{"href":"https:\/\/boncor.cat\/ca\/wp-json\/wp\/v2\/pages\/2475","targetHints":{"allow":["GET"]}}],"collection":[{"href":"https:\/\/boncor.cat\/ca\/wp-json\/wp\/v2\/pages"}],"about":[{"href":"https:\/\/boncor.cat\/ca\/wp-json\/wp\/v2\/types\/page"}],"author":[{"embeddable":true,"href":"https:\/\/boncor.cat\/ca\/wp-json\/wp\/v2\/users\/1"}],"replies":[{"embeddable":true,"href":"https:\/\/boncor.cat\/ca\/wp-json\/wp\/v2\/comments?post=2475"}],"version-history":[{"count":1,"href":"https:\/\/boncor.cat\/ca\/wp-json\/wp\/v2\/pages\/2475\/revisions"}],"predecessor-version":[{"id":2476,"href":"https:\/\/boncor.cat\/ca\/wp-json\/wp\/v2\/pages\/2475\/revisions\/2476"}],"wp:attachment":[{"href":"https:\/\/boncor.cat\/ca\/wp-json\/wp\/v2\/media?parent=2475"}],"curies":[{"name":"wp","href":"https:\/\/api.w.org\/{rel}","templated":true}]}}